{"id":267,"date":"2023-08-14T01:07:35","date_gmt":"2023-08-14T01:07:35","guid":{"rendered":"https:\/\/gestionex.cl\/wp2\/?post_type=product&#038;p=267"},"modified":"2026-02-01T06:25:37","modified_gmt":"2026-02-01T06:25:37","slug":"jackery-explorer-1000","status":"publish","type":"product","link":"https:\/\/gestionex.cl\/wp2\/producto\/jackery-explorer-1000\/","title":{"rendered":"Jackery Explorer 1000"},"content":{"rendered":"<div id=\"s-989bf899-0bbb-4fa9-b990-e5336582b7fd\" class=\"shg-c shogun-image-container shg-align-center\"><img decoding=\"async\" class=\"shogun-image aligncenter\" src=\"https:\/\/i.shgcdn.com\/d0bb0faf-f58c-4bb4-bc13-305dca69ccba\/-\/format\/auto\/-\/preview\/3000x3000\/-\/quality\/lighter\/\" alt=\"\" width=\"\" height=\"\" \/><\/div>\n<div id=\"s-fa2a4936-7fc2-49a3-a282-a7cdcac861fb\" class=\"shg-c \">\n<div class=\"shg-row\" data-col-grid-mode-on=\"true\">\n<div class=\"shg-c-lg-6 shg-c-md-6 shg-c-sm-6 shg-c-xs-12\">\n<div class=\"shg-box-vertical-align-wrapper\">\n<div id=\"s-98d3ce75-29b3-4e19-a014-30fbf9ff2987\" class=\"shg-box shg-c \">\n<div class=\"shg-box-overlay\"><\/div>\n<div class=\"shg-box-content\">\n<div id=\"s-bdbf4a1e-f49c-4684-a1a2-e4e0d09b5525\" class=\"shg-c shogun-image-container shg-align-center\"><img decoding=\"async\" class=\"shogun-image aligncenter\" src=\"https:\/\/i.shgcdn.com\/67120496-1bef-47e5-a560-87e2532af79b\/-\/format\/auto\/-\/preview\/3000x3000\/-\/quality\/lighter\/\" alt=\"\" width=\"\" height=\"\" \/><\/div>\n<\/div>\n<\/div>\n<\/div>\n<\/div>\n<div class=\"shg-c-lg-6 shg-c-md-6 shg-c-sm-6 shg-c-xs-12\">\n<div class=\"shg-box-vertical-align-wrapper\">\n<div id=\"s-b35519f2-32a8-40f2-a38e-b20b8ab3c1de\" class=\"shg-box shg-c \">\n<div class=\"shg-box-overlay\"><\/div>\n<div class=\"shg-box-content\">\n<div id=\"s-b1ef7d95-26dc-4979-b5dd-3626b42da2dd\" class=\"shg-c shg-align-left\">\n<div class=\"shogun-heading-component\">\n<h3 style=\"text-align: center;\">SALIDA SUPERIOR<br \/>\nMAYOR POTENCIA<\/h3>\n<\/div>\n<\/div>\n<div id=\"s-ba15e968-326b-4469-9433-ab5e6dbfae61\" class=\"shg-c \">\n<div class=\"shg-rich-text shg-theme-text-content\">\n<p style=\"text-align: center;\">Salida de 1000 W<br \/>\nBater\u00eda de litio de 1002 Wh (46,4 Ah)<br \/>\n3 salidas de CA est\u00e1ndares de ONDA SINUSOIDAL PURA<br \/>\n2* puertos USB-C y 1* puerto Quick Charge 3.0<\/p>\n<p style=\"text-align: center;\">Ten en cuenta que el vataje nominal total debe ser de menos de 1000 W (sobretensi\u00f3n de 2000 W).<\/p>\n<\/div>\n<\/div>\n<\/div>\n<\/div>\n<\/div>\n<\/div>\n<\/div>\n<\/div>\n<div class=\"shg-box-vertical-align-wrapper\"><\/div>\n<div id=\"s-23633562-c245-4a8c-91bd-914c52d85007\" class=\"shg-c shogun-image-container shg-align-center\"><img decoding=\"async\" class=\"shogun-image \" src=\"https:\/\/i.shgcdn.com\/1f9e9e85-ab91-46f9-88f7-b3754bb18615\/-\/format\/auto\/-\/preview\/3000x3000\/-\/quality\/lighter\/\" alt=\"\" width=\"\" height=\"\" \/><\/div>\n<div id=\"s-8e9fdb7b-29b1-4d65-92ec-4acccbe060ae\" class=\"shg-c shg-align-center\">\n<div class=\"shogun-heading-component\">\n<h2 style=\"text-align: center;\">DALE M\u00c1S TIEMPO DE USO A TUS DISPOSITIVOS<\/h2>\n<\/div>\n<\/div>\n<div id=\"s-1a07fb02-e5a2-4fe5-92a4-f2b9522f8dc2\" class=\"shg-c shogun-image-container shg-align-center\"><img decoding=\"async\" class=\"shogun-image \" src=\"https:\/\/i.shgcdn.com\/5a0e35c3-76f1-4bbf-8a90-1ec36c9d8ba7\/-\/format\/auto\/-\/preview\/3000x3000\/-\/quality\/lighter\/\" alt=\"\" width=\"\" height=\"\" \/><\/div>\n<div id=\"s-8e4d8ec7-b241-4f7d-9a33-848338843bb0\" class=\"shg-c \">\n<div class=\"shg-row\" data-col-grid-mode-on=\"true\">\n<div class=\"shg-c-lg-6 shg-c-md-6 shg-c-sm-6 shg-c-xs-12\">\n<div class=\"shg-box-vertical-align-wrapper\">\n<div id=\"s-1905ef6f-0887-46b7-a1c5-9d7ecf7edb4a\" class=\"shg-box shg-c \">\n<div class=\"shg-box-overlay\"><\/div>\n<div class=\"shg-box-content\">\n<div id=\"s-3a23d394-ca8f-4515-990a-72f751535158\" class=\"shg-c shogun-image-container shg-align-center\"><img decoding=\"async\" class=\"shogun-image aligncenter\" src=\"https:\/\/i.shgcdn.com\/37ea7780-15ed-4cfc-b036-b909b867b4aa\/-\/format\/auto\/-\/preview\/3000x3000\/-\/quality\/lighter\/\" alt=\"\" width=\"\" height=\"\" \/><\/div>\n<\/div>\n<\/div>\n<\/div>\n<\/div>\n<div class=\"shg-c-lg-6 shg-c-md-6 shg-c-sm-6 shg-c-xs-12\">\n<div class=\"shg-box-vertical-align-wrapper\">\n<div id=\"s-52a0fda7-eb34-4ae3-9f09-63803b1d5ab9\" class=\"shg-box shg-c \">\n<div class=\"shg-box-overlay\"><\/div>\n<div class=\"shg-box-content\">\n<div id=\"s-8b6c387b-d3d7-44d3-941b-dc9e2b2bb23c\" class=\"shg-c shg-align-left\">\n<div class=\"shogun-heading-component\">\n<h3 style=\"text-align: center;\">CUATRO MANERAS DE CARGAR<\/h3>\n<\/div>\n<\/div>\n<div id=\"s-1a2d35c7-9dac-442e-a88b-a875f86090ee\" class=\"shg-c \">\n<div class=\"shg-rich-text shg-theme-text-content\">\n<p style=\"text-align: center;\">Panel solar<br \/>\nTomacorriente de pared<br \/>\nSalida de 12 V de veh\u00edculos<\/p>\n<\/div>\n<\/div>\n<\/div>\n<\/div>\n<\/div>\n<\/div>\n<\/div>\n<\/div>\n<div class=\"shg-box-vertical-align-wrapper\"><\/div>\n<div id=\"s-fdf1293b-9f66-4203-92ea-ba4c153bf6b6\" class=\"shg-c shogun-image-container shg-align-center\"><img decoding=\"async\" class=\"shogun-image \" src=\"https:\/\/i.shgcdn.com\/09935f4e-b69f-4667-90bf-cbc6d3c433cb\/-\/format\/auto\/-\/preview\/3000x3000\/-\/quality\/lighter\/\" alt=\"\" width=\"\" height=\"\" \/><\/div>\n<div id=\"s-9392bf33-6422-4d71-99c3-573336e54af4\" class=\"shg-c shg-align-center\">\n<div class=\"shogun-heading-component\">\n<h2 style=\"text-align: center;\">PREPARACI\u00d3N DE TU GENERADOR SOLAR<\/h2>\n<\/div>\n<\/div>\n<div id=\"s-0f76c708-1a68-4ac8-b253-2195ccd0e733\" class=\"shg-c shg-align-center\" style=\"text-align: center;\">\n<div class=\"shogun-heading-component\">\n<h4>GENERADOR SOLAR FUERA DE RED PARA UN SIMINISTRO DE ENERG\u00cdA LIMPIA Y RENOVABLE<\/h4>\n<\/div>\n<\/div>\n<div id=\"s-42fa2e0c-f75a-475b-aee8-cd6c48eda774\" class=\"shg-c \">\n<div class=\"shg-rich-text shg-theme-text-content\">\n<p style=\"text-align: center;\">La tecnolog\u00eda MPPT profesional ofrecer unas tasas de carga solar m\u00e1s r\u00e1pidas. El\u00a0<strong>Explorer 1000<\/strong>\u00a0puede cargarse r\u00e1pidamente en 8 horas, conectando 2 paneles solares\u00a0<strong>SolarSaga 100W<\/strong> con un cable adaptador (incluido en el paquete). Si conectas un solo panel, el tiempo de carga aproximado es de 17 horas.<\/p>\n<\/div>\n<\/div>\n<div id=\"s-9cf1fa87-400c-4c2e-8c47-60a4944862d2\" class=\"shg-c shogun-image-container shg-align-center\"><img decoding=\"async\" class=\"shogun-image \" src=\"https:\/\/i.shgcdn.com\/24f6bd0a-7b24-46a8-b1ee-c9fbe1c134e5\/-\/format\/auto\/-\/preview\/3000x3000\/-\/quality\/lighter\/\" alt=\"\" width=\"\" height=\"\" \/><\/div>\n<div id=\"s-6f7017ec-d918-4b35-9731-47cdbb71f3da\" class=\"shg-c \">\n<div class=\"shg-rich-text shg-theme-text-content\">\n<p style=\"text-align: center;\">Ten esto en cuenta mientras cargues con energ\u00eda solar:<\/p>\n<p style=\"text-align: center;\">1. El tiempo de la recarga puede variar seg\u00fan la ubicaci\u00f3n, la temperatura, el clima, etc. El tiempo real ser\u00e1 diferente.<\/p>\n<p style=\"text-align: center;\">2. Durante la recarga, mant\u00e9n tu estaci\u00f3n de energ\u00eda port\u00e1til alejada del calor y la luz directa del sol, para extender su vida \u00fatil durante la carga.<\/p>\n<\/div>\n<\/div>\n<div id=\"s-f587d9ce-1ce7-4c9c-82b4-6bfe33653c44\" class=\"shg-c shogun-image-container shg-align-center\"><img decoding=\"async\" class=\"shogun-image \" src=\"https:\/\/i.shgcdn.com\/6f26c0ab-8ddd-4df0-a628-fdc8d9bf26b3\/-\/format\/auto\/-\/preview\/3000x3000\/-\/quality\/lighter\/\" alt=\"\" width=\"\" height=\"\" \/><\/div>\n<div id=\"s-1c8e050a-c8f8-4abd-b561-4a1f7febd672\" class=\"shg-c shg-align-center\">\n<div class=\"shogun-heading-component\">\n<h3 style=\"text-align: center;\">ENERG\u00cdA EN EXTERIORES PARA CUIDAR A TODA LA FAMILIA<\/h3>\n<\/div>\n<\/div>\n<div id=\"s-5e01f085-780d-4268-a773-06670fd892f8\" class=\"shg-c shg-align-center\" style=\"text-align: center;\">\n<div class=\"shogun-heading-component\">\n<h4>CAMPAMENTO EN CASA RODANTE\/PESCA\/AL COSTADO DE LA RUTA\/CAZA\/ACAMPE EN EL JARD\u00cdN\/EMERGENCIAS<\/h4>\n<\/div>\n<\/div>\n<div id=\"s-516d286b-ebb4-44d7-ba27-ed16a073af05\" class=\"shg-c \">\n<div class=\"shg-rich-text shg-theme-text-content\">\n<p style=\"text-align: center;\">El dise\u00f1o compacto e inal\u00e1mbrico del Explorer 1000 es una de las mejores inversiones que puedes hacer para tus fiestas al aire libre. Puede hacer funcionar la mayor\u00eda de tus equipos y dispositivos esenciales para el uso exterior, como batidoras, hornos, moledoras de hielo, radios y proyectores. Si necesitas energ\u00eda para una circunstancia especial la estaci\u00f3n de energ\u00eda Jackery Explorer 1000 puede ser tu respaldo de energ\u00eda confiable para tus neveras, CPAP\/BiPAP, computadores, etc.<\/p>\n<\/div>\n<\/div>\n","protected":false},"excerpt":{"rendered":"<ul>\n<li>El Jackery Explorer 1000 es una de las estaciones de energ\u00eda port\u00e1tiles m\u00e1s poderosas. Con su capacidad de 1002 Wh, puede suministrar 1000 W de energ\u00eda (sobretensi\u00f3n de 2000 W) en m\u00faltiples puertos. Gracias a ello, satisface las necesidades de los electrodom\u00e9sticos de m\u00e1s alto consumo.<\/li>\n<li>M\u00e1s capacidad con vatajes m\u00e1s altos: Cuenta con una bater\u00eda de litio de 1002 W (46,4 Ah), 1000 W continuos, y sobretensi\u00f3n de 2000 W.<\/li>\n<li>M\u00faltiples puertos de salida: Dos puertos USB-C, dos puertos USB, un puerto de auto de CC, y 2 salidas de CA de onda sinusoidal pura. Descon\u00e9ctate de la red, y alimenta tus c\u00e1maras, computadoras, dispositivos de comunicaci\u00f3n, CPAP, y tu parrilla el\u00e9ctrica.<\/li>\n<li>Soluci\u00f3n de energ\u00eda renovable para exteriores: Carga solar eficiente con controlador de carga MPPT incorporado. Convi\u00e9rtelo en un sistema de\u00a0<strong><a href=\"https:\/\/es.jackery.com\/products\/jackery-explorer-1000-2-x-solarsaga-100w-solar-generator\">Generadores Solares 1000<\/a><\/strong>\u00a0conectando dos paneles solares SolarSaga 100W (vendidos por separado) para una carga m\u00e1s r\u00e1pida y ecol\u00f3gica. Carga la bater\u00eda con el sol, por completo, en tan solo 8 horas.<\/li>\n<li>Port\u00e1til y compacto: Solo pesa 22 lbs, y viene con una manija s\u00f3lida para su f\u00e1cil transporte.<\/li>\n<li>Seguro y f\u00e1cil de usar: Cuenta con una pantalla LCD con estado de bater\u00eda y carga\/descarga, para su uso seguro y f\u00e1cil.<\/li>\n<\/ul>\n","protected":false},"featured_media":268,"comment_status":"open","ping_status":"closed","template":"","meta":[],"product_cat":[25],"product_tag":[],"class_list":["post-267","product","type-product","status-publish","has-post-thumbnail","hentry","product_cat-jackery"],"_links":{"self":[{"href":"https:\/\/gestionex.cl\/wp2\/wp-json\/wp\/v2\/product\/267","targetHints":{"allow":["GET"]}}],"collection":[{"href":"https:\/\/gestionex.cl\/wp2\/wp-json\/wp\/v2\/product"}],"about":[{"href":"https:\/\/gestionex.cl\/wp2\/wp-json\/wp\/v2\/types\/product"}],"replies":[{"embeddable":true,"href":"https:\/\/gestionex.cl\/wp2\/wp-json\/wp\/v2\/comments?post=267"}],"wp:featuredmedia":[{"embeddable":true,"href":"https:\/\/gestionex.cl\/wp2\/wp-json\/wp\/v2\/media\/268"}],"wp:attachment":[{"href":"https:\/\/gestionex.cl\/wp2\/wp-json\/wp\/v2\/media?parent=267"}],"wp:term":[{"taxonomy":"product_cat","embeddable":true,"href":"https:\/\/gestionex.cl\/wp2\/wp-json\/wp\/v2\/product_cat?post=267"},{"taxonomy":"product_tag","embeddable":true,"href":"https:\/\/gestionex.cl\/wp2\/wp-json\/wp\/v2\/product_tag?post=267"}],"curies":[{"name":"wp","href":"https:\/\/api.w.org\/{rel}","templated":true}]}}