{"id":259,"date":"2023-08-14T01:02:00","date_gmt":"2023-08-14T01:02:00","guid":{"rendered":"https:\/\/gestionex.cl\/wp2\/?post_type=product&#038;p=259"},"modified":"2025-05-21T09:14:27","modified_gmt":"2025-05-21T09:14:27","slug":"jackery-explorer-500","status":"publish","type":"product","link":"https:\/\/gestionex.cl\/wp2\/producto\/jackery-explorer-500\/","title":{"rendered":"Jackery Explorer 500"},"content":{"rendered":"<div id=\"s-97e9c1fc-1066-4050-9ac4-a825669192ac\" class=\"shg-c shogun-image-container shg-align-center\"><img decoding=\"async\" class=\"shogun-image \" src=\"https:\/\/i.shgcdn.com\/82415fd6-4fe5-4211-89e7-ecb0b802c971\/-\/format\/auto\/-\/preview\/3000x3000\/-\/quality\/lighter\/\" alt=\"\" width=\"\" height=\"\" \/><\/div>\n<div id=\"s-9b508629-c661-4bad-b39f-ec9e5a3ce169\" class=\"shg-c \">\n<div class=\"shg-row\" data-col-grid-mode-on=\"true\">\n<div class=\"shg-c-lg-6 shg-c-md-6 shg-c-sm-6 shg-c-xs-12\">\n<div class=\"shg-box-vertical-align-wrapper\">\n<div id=\"s-a9555290-69f7-4431-9141-9e6d9c7182a5\" class=\"shg-box shg-c \">\n<div class=\"shg-box-overlay\"><\/div>\n<div class=\"shg-box-content\">\n<div id=\"s-3e1acc01-63b7-4171-9a79-c05b92ea5960\" class=\"shg-c shogun-image-container shg-align-center\"><img decoding=\"async\" class=\"shogun-image aligncenter\" src=\"https:\/\/i.shgcdn.com\/f4982e3b-1ed6-4d31-9ba8-f13ffde3ae11\/-\/format\/auto\/-\/preview\/3000x3000\/-\/quality\/lighter\/\" alt=\"\" width=\"\" height=\"\" \/><\/div>\n<\/div>\n<\/div>\n<\/div>\n<\/div>\n<div class=\"shg-c-lg-6 shg-c-md-6 shg-c-sm-6 shg-c-xs-12\">\n<div class=\"shg-box-vertical-align-wrapper\">\n<div id=\"s-7bcaf374-52e2-4607-bc8b-62d1f847eb75\" class=\"shg-box shg-c \">\n<div class=\"shg-box-overlay\"><\/div>\n<div class=\"shg-box-content\">\n<div id=\"s-d66f2b57-5a3c-4b54-836b-dbd7a42135d4\" class=\"shg-c shg-align-left\">\n<div class=\"shogun-heading-component\">\n<h3 style=\"text-align: center;\">ENERG\u00cdA PARA EXTERIORES VERS\u00c1TIL<\/h3>\n<\/div>\n<\/div>\n<div id=\"s-4c940334-57e4-4d79-8b80-19c0080d5558\" class=\"shg-c \">\n<div class=\"shg-rich-text shg-theme-text-content\">\n<p style=\"text-align: center;\">Salida de 500 W<br \/>\nBater\u00eda de litio de 518 Wh (24 Ah)<br \/>\nSalida de CA de ONDA SINUSOIDAL PURA<br \/>\nAuto-Anschluss de 12 V y 3* puertos USB<\/p>\n<p style=\"text-align: center;\">Ten en cuenta que el vataje nominal total debe ser de menos de 500 W (sobretensi\u00f3n de 1000 W). Si la energ\u00eda del dispositivo est\u00e1 por fuera de este rango, el Explorer 500 se apagar\u00e1.<\/p>\n<\/div>\n<\/div>\n<\/div>\n<\/div>\n<\/div>\n<\/div>\n<\/div>\n<\/div>\n<div class=\"shg-box-vertical-align-wrapper\"><\/div>\n<div id=\"s-1a005b26-3f5c-4636-a973-d20b8aa834a2\" class=\"shg-c shogun-image-container shg-align-center\"><img decoding=\"async\" class=\"shogun-image \" src=\"https:\/\/i.shgcdn.com\/a74a6dd9-7aa1-4b93-a088-41b252715289\/-\/format\/auto\/-\/preview\/3000x3000\/-\/quality\/lighter\/\" alt=\"\" width=\"\" height=\"\" \/><\/div>\n<div id=\"s-be35ca77-e963-4285-85f5-795a311eacc1\" class=\"shg-c shg-align-center\">\n<div class=\"shogun-heading-component\">\n<h2 style=\"text-align: center;\">DALE M\u00c1S TIEMPO DE USO A TUS DISPOSITIVOS<\/h2>\n<\/div>\n<\/div>\n<div id=\"s-58e511de-a87c-4bab-a255-092818c10fae\" class=\"shg-c shogun-image-container shg-align-center\"><img decoding=\"async\" class=\"shogun-image \" src=\"https:\/\/i.shgcdn.com\/83947693-6eae-40df-8b89-8fe8618961c5\/-\/format\/auto\/-\/preview\/3000x3000\/-\/quality\/lighter\/\" alt=\"\" width=\"\" height=\"\" \/><\/div>\n<div id=\"s-14ec0430-465d-4fc8-bff4-d8ea4a1e6f13\" class=\"shg-c \">\n<div class=\"shg-row\" data-col-grid-mode-on=\"true\">\n<div class=\"shg-c-lg-6 shg-c-md-6 shg-c-sm-6 shg-c-xs-12\">\n<div class=\"shg-box-vertical-align-wrapper\">\n<div id=\"s-864b1c46-e431-4d58-b8ba-cd55c71402cf\" class=\"shg-box shg-c \">\n<div class=\"shg-box-overlay\"><\/div>\n<div class=\"shg-box-content\">\n<div id=\"s-3c408b76-0cd2-43bc-a69e-174d6a1f4de6\" class=\"shg-c shogun-image-container shg-align-center\"><img decoding=\"async\" class=\"shogun-image aligncenter\" src=\"https:\/\/i.shgcdn.com\/9d778e2d-1afb-4a88-88c5-a1872913744b\/-\/format\/auto\/-\/preview\/3000x3000\/-\/quality\/lighter\/\" alt=\"\" width=\"\" height=\"\" \/><\/div>\n<\/div>\n<\/div>\n<\/div>\n<\/div>\n<div class=\"shg-c-lg-6 shg-c-md-6 shg-c-sm-6 shg-c-xs-12\">\n<div class=\"shg-box-vertical-align-wrapper\">\n<div id=\"s-226cfdee-a357-403a-827f-c0350a0f8d72\" class=\"shg-box shg-c \">\n<div class=\"shg-box-overlay\"><\/div>\n<div class=\"shg-box-content\">\n<div id=\"s-015abadb-9e5c-4908-a3d8-0d4f5aec352c\" class=\"shg-c shg-align-left\">\n<div class=\"shogun-heading-component\">\n<h3 style=\"text-align: center;\">CUATRO MANERAS DE CARGAR<\/h3>\n<\/div>\n<\/div>\n<div id=\"s-68314b08-8625-403d-8cd9-1f996085ff51\" class=\"shg-c \">\n<div class=\"shg-rich-text shg-theme-text-content\">\n<p style=\"text-align: center;\">Panel solar<br \/>\nTomacorriente de pared<br \/>\nSalida de 12 V de veh\u00edculos<\/p>\n<\/div>\n<\/div>\n<\/div>\n<\/div>\n<\/div>\n<\/div>\n<\/div>\n<\/div>\n<div class=\"shg-box-vertical-align-wrapper\"><\/div>\n<div id=\"s-5658cb18-f9ba-43d5-85f9-74851caa2dad\" class=\"shg-c shogun-image-container shg-align-center\"><img decoding=\"async\" class=\"shogun-image \" src=\"https:\/\/i.shgcdn.com\/fa6a6c43-c94d-4279-9892-f8e9496a8980\/-\/format\/auto\/-\/preview\/3000x3000\/-\/quality\/lighter\/\" alt=\"\" width=\"\" height=\"\" \/><\/div>\n<div id=\"s-0eca0fd9-6780-4fce-b6bf-e3539642ca38\" class=\"shg-c shg-align-center\">\n<div class=\"shogun-heading-component\">\n<h2 style=\"text-align: center;\">PREPARACI\u00d3N DE TU GENERADOR SOLAR FUERA DE RED PARA UN SIMINISTRO DE ENERG\u00cdA LIMPIA Y RENOVABLE<\/h2>\n<\/div>\n<\/div>\n<div id=\"s-9bbd81d9-02fa-4410-9297-331053acb55c\" class=\"shg-c \">\n<div class=\"shg-rich-text shg-theme-text-content\">\n<p style=\"text-align: center;\">Conexi\u00f3n del panel solar SolarSaga 100W a la estaci\u00f3n de energ\u00eda port\u00e1til Explorer 500 para crear un generador solar. Con nuestra tecnolog\u00eda MPPT de alta calidad, el Explorer 500 puede cargarse por completo bajo el sol en 9,5 horas. Con una instalaci\u00f3n de un Generadores Solares tienes una fuerte de energ\u00eda inagotable gracias al sol, para que estes cargado en todo tu viaje.<br \/>\n<strong>Pasos de la carga solar:<\/strong><\/p>\n<p style=\"text-align: center;\">1. Encuentra la interfaz de CC en la parte trasera del SolarSaga 100;<\/p>\n<p style=\"text-align: center;\">2. Conecta la interfaz de CC del SolarSaga 100 con la entrada de CC del Explorer 500<\/p>\n<\/div>\n<\/div>\n<div id=\"s-3f5b578f-c9f7-433d-96a6-92a2413f892f\" class=\"shg-c shogun-image-container shg-align-center\"><img decoding=\"async\" class=\"shogun-image aligncenter\" src=\"https:\/\/i.shgcdn.com\/c486e65e-4211-4e83-9309-b31e7c227946\/-\/format\/auto\/-\/preview\/3000x3000\/-\/quality\/lighter\/\" alt=\"\" width=\"\" height=\"\" \/><\/div>\n<div id=\"s-ff0f53de-6279-4df0-84c7-095fff0ea028\" class=\"shg-c \">\n<div class=\"shg-rich-text shg-theme-text-content\">\n<p style=\"text-align: center;\"><strong>Ten esto en cuenta mientras cargues con energ\u00eda solar:<\/strong><\/p>\n<p style=\"text-align: center;\">1. El tiempo de la recarga puede variar seg\u00fan la ubicaci\u00f3n, la temperatura, el clima, etc. Por lo tanto, el tiempo real ser\u00e1 diferente.<\/p>\n<p style=\"text-align: center;\">2. Mant\u00e9n tu estaci\u00f3n de energ\u00eda port\u00e1til alejada del calor y la luz directa del sol, para extender su vida \u00fatil durante la carga.<\/p>\n<\/div>\n<\/div>\n<div id=\"s-c68934e8-6a44-4388-8fbb-0c5f4dd5fe18\" class=\"shg-c shogun-image-container shg-align-center\"><img decoding=\"async\" class=\"shogun-image \" src=\"https:\/\/i.shgcdn.com\/737840be-3520-40b5-9156-62243603e84f\/-\/format\/auto\/-\/preview\/3000x3000\/-\/quality\/lighter\/\" alt=\"\" width=\"\" height=\"\" \/><\/div>\n<div id=\"s-8f06f479-ce27-4e03-8e82-1b3916c83127\" class=\"shg-c shg-align-center\">\n<div class=\"shogun-heading-component\">\n<h3 style=\"text-align: center;\">ENERG\u00cdA EN EXTERIORES PARA TODA LA FAMILIA<\/h3>\n<\/div>\n<\/div>\n<div id=\"s-ed230034-a44d-4ba7-8603-e44a2bac1ed3\" class=\"shg-c shg-align-center\" style=\"text-align: center;\">\n<div class=\"shogun-heading-component\">\n<h4>CAMPAMENTO EN CASA RODANTE\/PESCA\/AL COSTADO DE LA RUTA\/CAZA\/ACAMPE EN EL JARD\u00cdN\/EMERGENCIAS<\/h4>\n<\/div>\n<\/div>\n<div id=\"s-6a2d25e2-b08c-4841-92f6-ddab074d00a4\" class=\"shg-c \">\n<div class=\"shg-rich-text shg-theme-text-content\">\n<p style=\"text-align: center;\">El Jackery Explorer 500 te ofrece una energ\u00eda port\u00e1til al alcance de tus manos, en un formato compacto, ligero, y con m\u00faltiples conexiones, para que cargues todos tus equipos y m\u00e1s. Ya no tendr\u00e1s que volverte a preocupar por encontrar un tomacorriente de pared, o unos cables prolongadores largos. As\u00ed que si\u00e9ntete libre de salir y explorar, y dale energ\u00eda a tus dispositivos, como a tu batidora, horno, proyector, y herramientas. Tambi\u00e9n puedes usarlo como un suministro de energ\u00eda de respaldo para tus luces, laptops, tel\u00e9fonos, refrigeradores peque\u00f1os, CPAP, y otros dispositivos, cuando te corten la luz.<\/p>\n<\/div>\n<\/div>\n<div id=\"s-df6944cd-2796-4e0e-9543-debd6c2722dc\" class=\"shg-c \">\n<div class=\"shg-row\" data-col-grid-mode-on=\"\">\n<div class=\"shg-c-lg-6 shg-c-md-6 shg-c-sm-6 shg-c-xs-12\">\n<div id=\"s-768c0171-20b5-407a-b8e3-a0f0873f97db\" class=\"shg-c shogun-image-container shg-align-center\"><img decoding=\"async\" class=\"shogun-image aligncenter\" src=\"https:\/\/i.shgcdn.com\/9843e95d-eb70-4200-9982-aa774af90c4f\/-\/format\/auto\/-\/preview\/3000x3000\/-\/quality\/lighter\/\" alt=\"\" width=\"\" height=\"\" \/><\/div>\n<div id=\"s-1665a30e-6216-49a5-8a2e-35b9b43f61a6\" class=\"shg-c shogun-image-container shg-align-center\"><img decoding=\"async\" class=\"shogun-image aligncenter\" src=\"https:\/\/i.shgcdn.com\/5830ba0d-be7b-425a-bcae-ee5ef8fc87c1\/-\/format\/auto\/-\/preview\/3000x3000\/-\/quality\/lighter\/\" alt=\"\" width=\"\" height=\"\" \/><\/div>\n<\/div>\n<div class=\"shg-c-lg-6 shg-c-md-6 shg-c-sm-6 shg-c-xs-12\">\n<div id=\"s-07410db7-ca26-47c4-9f41-1f27a335fb5b\" class=\"shg-c shogun-image-container shg-align-center\"><img decoding=\"async\" class=\"shogun-image aligncenter\" src=\"https:\/\/i.shgcdn.com\/cb5961a2-6f3d-4e3c-8587-8663a6c5ec01\/-\/format\/auto\/-\/preview\/3000x3000\/-\/quality\/lighter\/\" alt=\"\" width=\"\" height=\"\" \/><\/div>\n<\/div>\n<\/div>\n<\/div>\n<div id=\"s-e5007816-90ef-4b04-ba42-70bc31a457d4\" class=\"shg-c \">\n<div class=\"shogun-video shogun-video-16x9\"><\/div>\n<\/div>\n","protected":false},"excerpt":{"rendered":"<ul>\n<li>El Jackery Explorer 500 es una estaci\u00f3n de energ\u00eda port\u00e1til de litio de 518 Wh. Es uno de los generadores con bater\u00eda de litio recargable m\u00e1s livianos y port\u00e1til en el mercado.<\/li>\n<li>Gran capacidad: El Jackery Explorer 500 tiene una bater\u00eda de ion de litio 518 Wh (24 Ah, 21,6 V) y un inversor de onda sinusoidal pura. Cuenta con 1* salida de CA (230 V 500 W, 1000 W pico), 3* puertos USB-A, y 2* puertos de CC, 1* puerto de auto para dispositivos de baja y alta energ\u00eda, como peque\u00f1os refrigeradores, bombas de aire, y televisores.<\/li>\n<li>Dise\u00f1ado para ser port\u00e1til: La estaci\u00f3n de energ\u00eda port\u00e1il Jackery Explorer 500 tiene el tama\u00f1o de un bal\u00f3n de baloncesto, y viene con una manija robusta. El Jackery Explorer 500 es f\u00e1cil de llevar, y su dise\u00f1o compacto lo hace una opci\u00f3n perfecta para disfrutar de tu acampe en tu casa rodante y en tus viajes por la carretera.<\/li>\n<li>Cuatro maneras de cargar: El Explorer 500 cuenta con un controlador de carga MPPT incorporador de alta calidad. Esto permite que, cuando se combine con el panel solar Jackery SolarSaga 100W (vendido por separado), la carga de la energ\u00eda renovable sea r\u00e1pida y f\u00e1cil de hacer. Tambi\u00e9n puedes cargar el Explorer 500 en un tomacorriente de pared, de auto, y con un generador.<\/li>\n<\/ul>\n","protected":false},"featured_media":260,"comment_status":"open","ping_status":"closed","template":"","meta":[],"product_cat":[25],"product_tag":[],"class_list":["post-259","product","type-product","status-publish","has-post-thumbnail","hentry","product_cat-jackery"],"_links":{"self":[{"href":"https:\/\/gestionex.cl\/wp2\/wp-json\/wp\/v2\/product\/259","targetHints":{"allow":["GET"]}}],"collection":[{"href":"https:\/\/gestionex.cl\/wp2\/wp-json\/wp\/v2\/product"}],"about":[{"href":"https:\/\/gestionex.cl\/wp2\/wp-json\/wp\/v2\/types\/product"}],"replies":[{"embeddable":true,"href":"https:\/\/gestionex.cl\/wp2\/wp-json\/wp\/v2\/comments?post=259"}],"wp:featuredmedia":[{"embeddable":true,"href":"https:\/\/gestionex.cl\/wp2\/wp-json\/wp\/v2\/media\/260"}],"wp:attachment":[{"href":"https:\/\/gestionex.cl\/wp2\/wp-json\/wp\/v2\/media?parent=259"}],"wp:term":[{"taxonomy":"product_cat","embeddable":true,"href":"https:\/\/gestionex.cl\/wp2\/wp-json\/wp\/v2\/product_cat?post=259"},{"taxonomy":"product_tag","embeddable":true,"href":"https:\/\/gestionex.cl\/wp2\/wp-json\/wp\/v2\/product_tag?post=259"}],"curies":[{"name":"wp","href":"https:\/\/api.w.org\/{rel}","templated":true}]}}