{"id":250,"date":"2023-08-13T02:32:26","date_gmt":"2023-08-13T02:32:26","guid":{"rendered":"https:\/\/gestionex.cl\/wp2\/?post_type=product&#038;p=250"},"modified":"2025-05-21T16:22:28","modified_gmt":"2025-05-21T16:22:28","slug":"jackery-explorer-240","status":"publish","type":"product","link":"https:\/\/gestionex.cl\/wp2\/producto\/jackery-explorer-240\/","title":{"rendered":"Jackery Explorer 240"},"content":{"rendered":"<div id=\"s-e42427ac-f15e-4a81-96bd-60c7a5a46cd1\" class=\"shg-c shogun-image-container shg-align-center\"><img decoding=\"async\" class=\"shogun-image  aligncenter\" src=\"https:\/\/i.shgcdn.com\/93f41bf6-0afe-4fa8-9192-663d3d1abbad\/-\/format\/auto\/-\/preview\/3000x3000\/-\/quality\/lighter\/\" alt=\"\" width=\"\" height=\"\" \/><\/div>\n<div id=\"s-b19b9650-4508-4287-a290-ad8946537cb5\" class=\"shg-c \">\n<div class=\"shg-row\" data-col-grid-mode-on=\"true\">\n<div class=\"shg-c-lg-6 shg-c-md-6 shg-c-sm-6 shg-c-xs-12\">\n<div class=\"shg-box-vertical-align-wrapper\">\n<div id=\"s-342d3a0e-cb8f-4fe7-8e8c-b6e75c6bc76a\" class=\"shg-box shg-c \">\n<div class=\"shg-box-overlay\"><img decoding=\"async\" class=\"shogun-image  aligncenter\" src=\"https:\/\/i.shgcdn.com\/78ffe67e-63c9-482c-bcde-b8a38eb43a11\/-\/format\/auto\/-\/preview\/3000x3000\/-\/quality\/lighter\/\" alt=\"\" width=\"\" height=\"\" \/><\/div>\n<\/div>\n<\/div>\n<\/div>\n<\/div>\n<\/div>\n<div id=\"s-22e82b8c-8e9b-4c3a-9f5f-7461aee4a5b2\" class=\"shg-c shg-align-center\">\n<div class=\"shogun-heading-component\">\n<h2 style=\"text-align: center;\">DALE M\u00c1S TIEMPO DE USO A TUS DISPOSITIVOS<\/h2>\n<\/div>\n<\/div>\n<div id=\"s-e2a81c67-34f4-44db-8ead-6fbb59e2247e\" class=\"shg-c shg-align-center\">\n<div class=\"shogun-heading-component\">\n<h4 style=\"text-align: center;\">Una estaci\u00f3n de energ\u00eda port\u00e1til y econ\u00f3mica para que sigas usando tus dispositivos esenciales<\/h4>\n<\/div>\n<\/div>\n<div id=\"s-1f8fabda-2d62-448d-87fa-0b3e8ce74533\" class=\"shg-c shogun-image-container shg-align-center\"><img decoding=\"async\" class=\"shogun-image  aligncenter\" src=\"https:\/\/i.shgcdn.com\/0d0b0eaf-04dd-48dd-a412-64cfd6f19926\/-\/format\/auto\/-\/preview\/3000x3000\/-\/quality\/lighter\/\" alt=\"\" width=\"\" height=\"\" \/><\/div>\n<div id=\"s-6e17a8c2-3763-4ee2-9abd-1f30bd9eeb7d\" class=\"shg-c \">\n<div class=\"shg-row\" data-col-grid-mode-on=\"true\">\n<div class=\"shg-c-lg-6 shg-c-md-6 shg-c-sm-6 shg-c-xs-12\">\n<div class=\"shg-box-vertical-align-wrapper\">\n<div id=\"s-b0d7757b-d5f8-4672-8086-8892870fe96c\" class=\"shg-box shg-c \">\n<div class=\"shg-box-overlay\"><\/div>\n<div class=\"shg-box-content\"><\/div>\n<\/div>\n<\/div>\n<\/div>\n<div class=\"shg-c-lg-6 shg-c-md-6 shg-c-sm-6 shg-c-xs-12\">\n<div class=\"shg-box-vertical-align-wrapper\">\n<div id=\"s-8e1a91b5-65e0-4a08-a716-8af2c3a7362d\" class=\"shg-box shg-c \">\n<div class=\"shg-box-content\">\n<div id=\"s-5281a4b1-3ba6-4c2d-a33a-43b1d4171b48\" class=\"shg-c \">\n<div class=\"shg-rich-text shg-theme-text-content\">\n<p><img decoding=\"async\" class=\"shogun-image  aligncenter\" src=\"https:\/\/i.shgcdn.com\/ab38628c-dee6-4062-8b4a-f62ec49b0ea1\/-\/format\/auto\/-\/preview\/3000x3000\/-\/quality\/lighter\/\" alt=\"\" width=\"\" height=\"\" \/><\/p>\n<\/div>\n<\/div>\n<\/div>\n<\/div>\n<\/div>\n<\/div>\n<\/div>\n<\/div>\n<div id=\"s-af8b1f41-ea3c-4eb7-adcf-bf637d567f3e\" class=\"shg-c \">\n<div class=\"shg-row\" data-col-grid-mode-on=\"true\">\n<div class=\"shg-c-lg-6 shg-c-md-6 shg-c-sm-6 shg-c-xs-12\">\n<div class=\"shg-box-vertical-align-wrapper\">\n<div id=\"s-ad56beb6-af1f-4eb0-97d3-780c31e1c363\" class=\"shg-box shg-c \">\n<div class=\"shg-box-overlay\"><\/div>\n<div class=\"shg-box-content\">\n<div id=\"s-e81a1b17-023c-46bc-8148-0dbb6330a3ea\" class=\"shg-c shg-align-left\">\n<div class=\"shogun-heading-component\">\n<h3 style=\"text-align: center;\">SUMINISTRO DE ENERG\u00cdA RENOVABLE<\/h3>\n<\/div>\n<\/div>\n<div id=\"s-5fd84880-421d-4b5e-a25c-cc0a899ed3ff\" class=\"shg-c \" style=\"text-align: center;\">\n<div class=\"shg-rich-text shg-theme-text-content\">\n<p>El controlador de carga MPPT incorporado ofrece una carga solar r\u00e1pida y eficiente. Carga tu estaci\u00f3n de energ\u00eda con energ\u00eda solar en tan solo 5,5 horas con el panel solar SolarSaga 100W.<\/p>\n<\/div>\n<\/div>\n<div id=\"s-36c42e52-94b7-49e2-b0be-36254928fd49\" class=\"shg-c \">\n<div class=\"shg-rich-text shg-theme-text-content\">\n<p style=\"text-align: center;\"><strong>Pasos de la carga solar:<\/strong><\/p>\n<p style=\"text-align: center;\">1. Encuentra la interfaz de CC en la parte trasera del SolarSaga 100W.<\/p>\n<p style=\"text-align: center;\">2. Conecta la interfaz de CC del SolarSaga 100W con la entrada de CC del Explorer 240.<\/p>\n<p style=\"text-align: center;\"><strong>Ten esto en cuenta mientras cargues con energ\u00eda solar:<\/strong><\/p>\n<p style=\"text-align: center;\">1. El tiempo de la recarga puede variar seg\u00fan la ubicaci\u00f3n, la temperatura, el clima, etc. Por lo tanto, el tiempo real ser\u00e1 diferente.<\/p>\n<p style=\"text-align: center;\">2. Mant\u00e9n tu estaci\u00f3n de energ\u00eda port\u00e1til alejada del calor y la luz directa del sol, para extender su vida \u00fatil durante la carga.<\/p>\n<\/div>\n<\/div>\n<\/div>\n<\/div>\n<\/div>\n<\/div>\n<div class=\"shg-c-lg-6 shg-c-md-6 shg-c-sm-6 shg-c-xs-12\">\n<div class=\"shg-box-vertical-align-wrapper\">\n<div id=\"s-e4522a5f-99e2-423a-9b09-bfeacd211edb\" class=\"shg-box shg-c \">\n<div class=\"shg-box-overlay\"><\/div>\n<div class=\"shg-box-content\">\n<div id=\"s-67496809-9155-403d-9e81-976396a1fccf\" class=\"shg-c shogun-image-container shg-align-center\"><img decoding=\"async\" class=\"shogun-image  aligncenter\" src=\"https:\/\/i.shgcdn.com\/05ea3695-cb0b-4b26-ad4a-1d6234494bdb\/-\/format\/auto\/-\/preview\/3000x3000\/-\/quality\/lighter\/\" alt=\"\" width=\"\" height=\"\" \/><\/div>\n<\/div>\n<\/div>\n<\/div>\n<\/div>\n<\/div>\n<\/div>\n<div id=\"s-22a227bf-4bda-4b72-a78f-c62c1d8cb27a\" class=\"shg-c \">\n<div class=\"shg-row\" data-col-grid-mode-on=\"true\">\n<div class=\"shg-c-lg-6 shg-c-md-6 shg-c-sm-6 shg-c-xs-12\">\n<div class=\"shg-box-vertical-align-wrapper\">\n<div id=\"s-828a5748-2f30-4637-84f7-b97e58978b5d\" class=\"shg-box shg-c \">\n<div class=\"shg-box-overlay\"><\/div>\n<div class=\"shg-box-content\">\n<div id=\"s-15250f61-dd6f-42f3-a1bb-94df0fa0a36f\" class=\"shg-c shogun-image-container shg-align-center\"><img decoding=\"async\" class=\"shogun-image  aligncenter\" src=\"https:\/\/i.shgcdn.com\/de3d6927-dd49-4bc7-a42a-808fceb5797b\/-\/format\/auto\/-\/preview\/3000x3000\/-\/quality\/lighter\/\" alt=\"\" width=\"\" height=\"\" \/><\/div>\n<\/div>\n<\/div>\n<\/div>\n<\/div>\n<div class=\"shg-c-lg-6 shg-c-md-6 shg-c-sm-6 shg-c-xs-12\">\n<div class=\"shg-box-vertical-align-wrapper\">\n<div id=\"s-7780ca1b-ae98-491c-ac0c-4a97c3afe9fa\" class=\"shg-box shg-c \">\n<div class=\"shg-box-overlay\"><\/div>\n<div class=\"shg-box-content\">\n<div id=\"s-b9fd5d2e-4daf-463d-a8f5-f7510d527d91\" class=\"shg-c shg-align-left\">\n<div class=\"shogun-heading-component\">\n<h3 style=\"text-align: center;\">CALIDAD GARANTIZADA<\/h3>\n<\/div>\n<\/div>\n<div id=\"s-ce129045-358e-4ede-9d41-7d799e994dba\" class=\"shg-c \">\n<div class=\"shg-rich-text shg-theme-text-content\">\n<p style=\"text-align: center;\">Un sistema de gesti\u00f3n de bater\u00edas (BMS) ofrece protecci\u00f3n contra cortocircuitos, control de voltaje, control de temperatura, y funciones avanzadas de seguridad.<\/p>\n<p style=\"text-align: center;\">\n<p style=\"text-align: center;\"><strong>Entre las otras funciones mejoradas de seguridad est\u00e1n:<\/strong><\/p>\n<p style=\"text-align: center;\">Pantalla LCD con estado de bater\u00eda y carga\/descarga<br \/>\nInterruptor con luz indicadora de encendido\/apagado para los puertos de salida<br \/>\nEquipado con una bater\u00eda de \u00f3xido de litio, n\u00edquel, manganeso y cobalto (NMC), el mismo tipo de bater\u00eda que Tesla usa en sus Powerwalls.<\/p>\n<\/div>\n<\/div>\n<\/div>\n<\/div>\n<\/div>\n<\/div>\n<\/div>\n<\/div>\n","protected":false},"excerpt":{"rendered":"<h1 class=\"h2 product-single__title\">Jackery Explorer 240 Estaci\u00f3n de energ\u00eda port\u00e1til<\/h1>\n<ul>\n<li>Nombrada como \u00abLa mejor estaci\u00f3n de energ\u00eda port\u00e1til para uso en exteriores\u00bb por Digital Trends<\/li>\n<li>Salidas con m\u00faltiples funciones: El Jackery Explorer 240 tiene una bater\u00eda de ion de litio 240 Wh (16,8 Ah, 14,4 V). Cuenta con 1* salida de CA (230 V 200 W, 400 W pico), 2* puertos USB-A, y 1* puerto de auto de CC. Gracias al inversor de onda sinusoidal pura, puede alimentar diferentes tipos de equipos, como tel\u00e9fono, laptops, luces, ventiladores, peque\u00f1os refrigeradores, etc.<\/li>\n<li>Una excelente y accesible soluci\u00f3n para alimentar tus dispositivos en exteriores: Esta soluci\u00f3n port\u00e1til para la alimentaci\u00f3n de tus dispositivos es una opci\u00f3n s\u00f3lida para tu iPhone, laptop, y luces, para cuando salgas a acampar, o en caso de que trabajes de forma remota en tu hogar. El Jackery Explorer 240 es ligero, y viene con una manija s\u00f3lida para su f\u00e1cil transporte. Su bot\u00f3n simple para su operaci\u00f3n lo hace f\u00e1cil de usar a donde sea que vayas.<\/li>\n<li>Generador de energ\u00eda Solar renovable: El Jackery Explorer 240 cuenta con un controlador MPPT incorporado, para una eficiencia de cargar solar m\u00e1xima cuando se usa junto al panel solar SolarSaga 100W (vendido por separado). Tambi\u00e9n puedes cargar el Explorer 240 en un tomacorriente de pared, de auto, y con un generador.<\/li>\n<\/ul>\n","protected":false},"featured_media":251,"comment_status":"open","ping_status":"closed","template":"","meta":[],"product_cat":[25],"product_tag":[],"class_list":["post-250","product","type-product","status-publish","has-post-thumbnail","hentry","product_cat-jackery"],"_links":{"self":[{"href":"https:\/\/gestionex.cl\/wp2\/wp-json\/wp\/v2\/product\/250","targetHints":{"allow":["GET"]}}],"collection":[{"href":"https:\/\/gestionex.cl\/wp2\/wp-json\/wp\/v2\/product"}],"about":[{"href":"https:\/\/gestionex.cl\/wp2\/wp-json\/wp\/v2\/types\/product"}],"replies":[{"embeddable":true,"href":"https:\/\/gestionex.cl\/wp2\/wp-json\/wp\/v2\/comments?post=250"}],"wp:featuredmedia":[{"embeddable":true,"href":"https:\/\/gestionex.cl\/wp2\/wp-json\/wp\/v2\/media\/251"}],"wp:attachment":[{"href":"https:\/\/gestionex.cl\/wp2\/wp-json\/wp\/v2\/media?parent=250"}],"wp:term":[{"taxonomy":"product_cat","embeddable":true,"href":"https:\/\/gestionex.cl\/wp2\/wp-json\/wp\/v2\/product_cat?post=250"},{"taxonomy":"product_tag","embeddable":true,"href":"https:\/\/gestionex.cl\/wp2\/wp-json\/wp\/v2\/product_tag?post=250"}],"curies":[{"name":"wp","href":"https:\/\/api.w.org\/{rel}","templated":true}]}}