{"id":6,"date":"2022-01-20T04:55:29","date_gmt":"2022-01-20T04:55:29","guid":{"rendered":"https:\/\/gestionex.cl\/wp2\/?page_id=6"},"modified":"2022-01-20T04:55:29","modified_gmt":"2022-01-20T04:55:29","slug":"inicio","status":"publish","type":"page","link":"https:\/\/gestionex.cl\/wp2\/","title":{"rendered":"Inicio"},"content":{"rendered":"\n<p>\u00a1Bienvenido a tu sitio! Esta es tu p\u00e1gina de inicio, que es la que la mayor\u00eda de visitantes ver\u00e1n cuando vengan a tu sitio por primera vez.<\/p>\n","protected":false},"excerpt":{"rendered":"<p>\u00a1Bienvenido a tu sitio! Esta es tu p\u00e1gina de inicio, que es la que la mayor\u00eda de visitantes ver\u00e1n cuando vengan a tu sitio por primera vez.<\/p>\n","protected":false},"author":1,"featured_media":0,"parent":0,"menu_order":0,"comment_status":"closed","ping_status":"closed","template":"","meta":{"footnotes":""},"class_list":["post-6","page","type-page","status-publish","hentry"],"_links":{"self":[{"href":"https:\/\/gestionex.cl\/wp2\/wp-json\/wp\/v2\/pages\/6","targetHints":{"allow":["GET"]}}],"collection":[{"href":"https:\/\/gestionex.cl\/wp2\/wp-json\/wp\/v2\/pages"}],"about":[{"href":"https:\/\/gestionex.cl\/wp2\/wp-json\/wp\/v2\/types\/page"}],"author":[{"embeddable":true,"href":"https:\/\/gestionex.cl\/wp2\/wp-json\/wp\/v2\/users\/1"}],"replies":[{"embeddable":true,"href":"https:\/\/gestionex.cl\/wp2\/wp-json\/wp\/v2\/comments?post=6"}],"version-history":[{"count":0,"href":"https:\/\/gestionex.cl\/wp2\/wp-json\/wp\/v2\/pages\/6\/revisions"}],"wp:attachment":[{"href":"https:\/\/gestionex.cl\/wp2\/wp-json\/wp\/v2\/media?parent=6"}],"curies":[{"name":"wp","href":"https:\/\/api.w.org\/{rel}","templated":true}]}}