{"id":38,"date":"2022-01-20T05:52:22","date_gmt":"2022-01-20T05:52:22","guid":{"rendered":"https:\/\/gestionex.cl\/wp2\/?page_id=38"},"modified":"2022-01-21T04:33:14","modified_gmt":"2022-01-21T04:33:14","slug":"lampara-solar","status":"publish","type":"page","link":"https:\/\/gestionex.cl\/wp2\/lampara-solar\/","title":{"rendered":"L\u00c1MPARA SOLAR"},"content":{"rendered":"\n<p><strong>DESCRIPCI\u00d3N:&nbsp;<\/strong><\/p>\n\n\n\n<p>-POTENTE L\u00c1MPARA AUT\u00d3NOMA CON PANEL SOLAR INTEGRADO, MODELO LY-150 -FABRICADA CON LED\u00b4s , UTILIZA ENERG\u00cdA SOLAR, LIMPIA Y GRATUITA&nbsp;<\/p>\n\n\n\n<p>-BATER\u00cdAS DE ALTA CALIDAD, LARGA VIDA DE SERVICIO, DE ALTA CAPACIDAD -FACIL DE INSTALAR , SIN CABLES&nbsp;<\/p>\n\n\n\n<p>-CUERPO DE PL\u00c1STICO RESISTENTE AL AGUA, POSEE IP65&nbsp;<\/p>\n\n\n\n<p>-CONTROL INTELIGENTE DE LUZ ( 5 TIPOS DIFERENTES) \u00daTIL EN PATIO, CARPA, ALMAC\u00c9N,&nbsp; GARAGE (EVITA POSIBLE INFLAMACI\u00d3N EN MANTENIMIENTO DE VEH\u00cdCULOS AL CARECER DE&nbsp; CONEXI\u00d3N EL\u00c9CTRICA), HOTELES, S\u00d3TANOS, GRANJAS, PEQUE\u00d1A MINER\u00cdA, PESCA ARTESANAL Y&nbsp; TANTAS OTRAS ACTIVIDADES RURALES QUE REQUIEREN ILUMINACI\u00d3N EN TERRENO.&nbsp;<\/p>\n\n\n\n<p>LOS ASPECTOS M\u00c1S RELEVANTES DE ESTA L\u00c1MPARA SON: LA VARIADA POSIBILIDAD DE&nbsp; CARGARLA, SU EXCELENTE PORTABILIDAD Y LA POTENTE ILUMINACI\u00d3N QUE PROYECTA. Y ALGO&nbsp; FUNDAMENTAL, UTILIZA ENERG\u00cdA LIMPIA Y GRATUITA.&nbsp;<\/p>\n\n\n\n<p><strong>RECOMENDACIONES:&nbsp;<\/strong><\/p>\n\n\n\n<p>CHILE ES UN PA\u00cdS DE ALTA SISMICIDAD, POR LO QUE DEBEMOS ESTAR PREPARADOS PARA LAS&nbsp; EMERGENCIAS, Y ANTE ELLO, LOS ORGANISMOS DE SEGURIDAD TALES COMO ONEMI&nbsp; RECOMIENDAN A LAS PERSONAS DISPONER DE LOS ELEMENTOS DE EMERGENCIA NECESARIOS&nbsp; PARA ENFRENTAR ESTOS EVENTOS. ENTRE ELLOS SE INCLUYEN LAS INDISPENSABLES L\u00c1MPARAS&nbsp; Y LINTERNAS, ESTAS L\u00c1MPARAS SON DE GRAN UTILIDAD POR LA POTENTE ILUMINACI\u00d3N QUE&nbsp; NOS BRINDAN, M\u00c1S A\u00daN, CON LA POSIBILIDAD DE CARGAR NUESTROS TEL\u00c9FONOS M\u00d3VILES,&nbsp; VITALES EN LA COMUNICACI\u00d3N. ADICIONALMENTE NO USAN PILAS, QUE SE AGOTAN Y&nbsp; CONTAMINAN EL MEDIO AMBIENTE, COLABORANDO AS\u00cd CON LA NATURALEZA.&nbsp;&nbsp;<\/p>\n\n\n\n<p>CHILE ES UNO DE LOS PA\u00cdSES MAS RICOS EN ENERG\u00cdA SOLAR EN TODO EL MUNDO, POR ESTA&nbsp; RAZ\u00d3N DEBEMOS APROVECHAR NUESTROS RECURSOS Y COLABORAR CON EL MEDIO AMBIENTE,&nbsp; UTILIZANDO ENERG\u00cdAS LIMPIAS, Y DE BAJO COSTO.<\/p>\n\n\n\n<figure class=\"wp-block-gallery columns-3 is-cropped wp-block-gallery-1 is-layout-flex wp-block-gallery-is-layout-flex\"><ul class=\"blocks-gallery-grid\"><li class=\"blocks-gallery-item\"><figure><img loading=\"lazy\" decoding=\"async\" width=\"750\" height=\"1261\" src=\"https:\/\/gestionex.cl\/wp2\/wp-content\/uploads\/2022\/01\/FOTO-5.jpg\" alt=\"\" data-id=\"41\" data-full-url=\"https:\/\/gestionex.cl\/wp2\/wp-content\/uploads\/2022\/01\/FOTO-5.jpg\" data-link=\"https:\/\/gestionex.cl\/wp2\/?attachment_id=41\" class=\"wp-image-41\" srcset=\"https:\/\/gestionex.cl\/wp2\/wp-content\/uploads\/2022\/01\/FOTO-5.jpg 750w, https:\/\/gestionex.cl\/wp2\/wp-content\/uploads\/2022\/01\/FOTO-5-600x1009.jpg 600w, https:\/\/gestionex.cl\/wp2\/wp-content\/uploads\/2022\/01\/FOTO-5-178x300.jpg 178w, https:\/\/gestionex.cl\/wp2\/wp-content\/uploads\/2022\/01\/FOTO-5-609x1024.jpg 609w\" sizes=\"auto, (max-width: 750px) 100vw, 750px\" \/><\/figure><\/li><li class=\"blocks-gallery-item\"><figure><img loading=\"lazy\" decoding=\"async\" width=\"789\" height=\"1430\" src=\"https:\/\/gestionex.cl\/wp2\/wp-content\/uploads\/2022\/01\/FOTO-1.jpg\" alt=\"\" data-id=\"39\" data-full-url=\"https:\/\/gestionex.cl\/wp2\/wp-content\/uploads\/2022\/01\/FOTO-1.jpg\" data-link=\"https:\/\/gestionex.cl\/wp2\/?attachment_id=39\" class=\"wp-image-39\" srcset=\"https:\/\/gestionex.cl\/wp2\/wp-content\/uploads\/2022\/01\/FOTO-1.jpg 789w, https:\/\/gestionex.cl\/wp2\/wp-content\/uploads\/2022\/01\/FOTO-1-600x1087.jpg 600w, https:\/\/gestionex.cl\/wp2\/wp-content\/uploads\/2022\/01\/FOTO-1-166x300.jpg 166w, https:\/\/gestionex.cl\/wp2\/wp-content\/uploads\/2022\/01\/FOTO-1-565x1024.jpg 565w, https:\/\/gestionex.cl\/wp2\/wp-content\/uploads\/2022\/01\/FOTO-1-768x1392.jpg 768w\" sizes=\"auto, (max-width: 789px) 100vw, 789px\" \/><\/figure><\/li><li class=\"blocks-gallery-item\"><figure><img loading=\"lazy\" decoding=\"async\" width=\"630\" height=\"630\" src=\"https:\/\/gestionex.cl\/wp2\/wp-content\/uploads\/2022\/01\/FOTO-9.jpg\" alt=\"\" data-id=\"42\" data-full-url=\"https:\/\/gestionex.cl\/wp2\/wp-content\/uploads\/2022\/01\/FOTO-9.jpg\" data-link=\"https:\/\/gestionex.cl\/wp2\/?attachment_id=42\" class=\"wp-image-42\" srcset=\"https:\/\/gestionex.cl\/wp2\/wp-content\/uploads\/2022\/01\/FOTO-9.jpg 630w, https:\/\/gestionex.cl\/wp2\/wp-content\/uploads\/2022\/01\/FOTO-9-300x300.jpg 300w, https:\/\/gestionex.cl\/wp2\/wp-content\/uploads\/2022\/01\/FOTO-9-100x100.jpg 100w, https:\/\/gestionex.cl\/wp2\/wp-content\/uploads\/2022\/01\/FOTO-9-600x600.jpg 600w, https:\/\/gestionex.cl\/wp2\/wp-content\/uploads\/2022\/01\/FOTO-9-150x150.jpg 150w, https:\/\/gestionex.cl\/wp2\/wp-content\/uploads\/2022\/01\/FOTO-9-250x250.jpg 250w, https:\/\/gestionex.cl\/wp2\/wp-content\/uploads\/2022\/01\/FOTO-9-174x174.jpg 174w\" sizes=\"auto, (max-width: 630px) 100vw, 630px\" \/><\/figure><\/li><li class=\"blocks-gallery-item\"><figure><img loading=\"lazy\" decoding=\"async\" width=\"787\" height=\"1037\" src=\"https:\/\/gestionex.cl\/wp2\/wp-content\/uploads\/2022\/01\/FOTO-4.jpg\" alt=\"\" data-id=\"40\" data-full-url=\"https:\/\/gestionex.cl\/wp2\/wp-content\/uploads\/2022\/01\/FOTO-4.jpg\" data-link=\"https:\/\/gestionex.cl\/wp2\/?attachment_id=40\" class=\"wp-image-40\" srcset=\"https:\/\/gestionex.cl\/wp2\/wp-content\/uploads\/2022\/01\/FOTO-4.jpg 787w, https:\/\/gestionex.cl\/wp2\/wp-content\/uploads\/2022\/01\/FOTO-4-600x791.jpg 600w, https:\/\/gestionex.cl\/wp2\/wp-content\/uploads\/2022\/01\/FOTO-4-228x300.jpg 228w, https:\/\/gestionex.cl\/wp2\/wp-content\/uploads\/2022\/01\/FOTO-4-777x1024.jpg 777w, https:\/\/gestionex.cl\/wp2\/wp-content\/uploads\/2022\/01\/FOTO-4-768x1012.jpg 768w\" sizes=\"auto, (max-width: 787px) 100vw, 787px\" \/><\/figure><\/li><\/ul><\/figure>\n\n\n\n<p><\/p>\n","protected":false},"excerpt":{"rendered":"<p>DESCRIPCI\u00d3N:&nbsp; -POTENTE L\u00c1MPARA AUT\u00d3NOMA CON PANEL SOLAR INTEGRADO, MODELO LY-150 -FABRICADA CON LED\u00b4s , UTILIZA ENERG\u00cdA SOLAR, LIMPIA Y GRATUITA&nbsp; -BATER\u00cdAS DE ALTA CALIDAD, LARGA VIDA DE SERVICIO, DE ALTA CAPACIDAD -FACIL DE INSTALAR , SIN CABLES&nbsp; -CUERPO DE PL\u00c1STICO RESISTENTE AL AGUA, POSEE IP65&nbsp; -CONTROL INTELIGENTE DE LUZ ( 5 TIPOS DIFERENTES) \u00daTIL EN <a href=\"https:\/\/gestionex.cl\/wp2\/lampara-solar\/\" rel=\"nofollow\"><span class=\"sr-only\">Read more about L\u00c1MPARA SOLAR<\/span>[&hellip;]<\/a><\/p>\n","protected":false},"author":1,"featured_media":0,"parent":0,"menu_order":0,"comment_status":"closed","ping_status":"closed","template":"","meta":{"footnotes":""},"class_list":["post-38","page","type-page","status-publish","hentry"],"_links":{"self":[{"href":"https:\/\/gestionex.cl\/wp2\/wp-json\/wp\/v2\/pages\/38","targetHints":{"allow":["GET"]}}],"collection":[{"href":"https:\/\/gestionex.cl\/wp2\/wp-json\/wp\/v2\/pages"}],"about":[{"href":"https:\/\/gestionex.cl\/wp2\/wp-json\/wp\/v2\/types\/page"}],"author":[{"embeddable":true,"href":"https:\/\/gestionex.cl\/wp2\/wp-json\/wp\/v2\/users\/1"}],"replies":[{"embeddable":true,"href":"https:\/\/gestionex.cl\/wp2\/wp-json\/wp\/v2\/comments?post=38"}],"version-history":[{"count":0,"href":"https:\/\/gestionex.cl\/wp2\/wp-json\/wp\/v2\/pages\/38\/revisions"}],"wp:attachment":[{"href":"https:\/\/gestionex.cl\/wp2\/wp-json\/wp\/v2\/media?parent=38"}],"curies":[{"name":"wp","href":"https:\/\/api.w.org\/{rel}","templated":true}]}}