{"id":34,"date":"2022-01-20T05:42:24","date_gmt":"2022-01-20T05:42:24","guid":{"rendered":"https:\/\/gestionex.cl\/wp2\/?page_id=34"},"modified":"2022-05-08T14:05:31","modified_gmt":"2022-05-08T14:05:31","slug":"comunicaciones","status":"publish","type":"page","link":"https:\/\/gestionex.cl\/wp2\/comunicaciones\/","title":{"rendered":"COMUNICACIONES"},"content":{"rendered":"\n<h2 class=\"wp-block-heading\">TEL\u00c9FONOS SATELITALES Y TERMINALES BGAN.<\/h2>\n\n\n\n<figure class=\"wp-block-table\"><table><tbody><tr><td>&nbsp;&nbsp;<img decoding=\"async\" src=\"http:\/\/gestionex.cl\/mediac\/400_0\/media\/40102.jpg\" alt=\"\"><\/td><td><strong>Equipo BGAN de voz y datos Explorer 500&nbsp;&nbsp;&nbsp;&nbsp;<\/strong><br>Dispositivo banda&nbsp; ancha, altamente&nbsp;port\u00e1til&nbsp;&nbsp; <br>pesa&nbsp; 1.3kg. y &nbsp;mide 218 x 217 x 52mm,&nbsp;<br>es ideal&nbsp; para&nbsp; ambos usos: &nbsp;m\u00f3vil o semi &#8211; fijo. <br>Sobre&nbsp; una conexi\u00f3n&nbsp; IP, conectado sobre&nbsp; 464 kbps. <br>en recepci\u00f3n y 448 kbps &nbsp;cuando env\u00eda. Streaming&nbsp; <br>de datos disponible a&nbsp; la velocidad &nbsp;de&nbsp; 32 kbps, 64kbps o&nbsp; 128 kbps,&nbsp;&nbsp;&nbsp;&nbsp; <br>para ambos enviando y recibiendo.&nbsp;&nbsp;<br>El terminal se conecta a un laptop &nbsp;v\u00eda USB. Bluetooth o&nbsp;Ethernet.&nbsp;<br>La voz es enviada v\u00eda tel\u00e9fono Standard&nbsp;o&nbsp;un&nbsp;&nbsp;tel\u00e9fono&nbsp;Bluetooth&nbsp;<\/td><\/tr><\/tbody><\/table><\/figure>\n\n\n\n<figure class=\"wp-block-table\"><table><tbody><tr><td>&nbsp;&nbsp;<img decoding=\"async\" src=\"http:\/\/gestionex.cl\/mediac\/400_0\/media\/BGANonTruck_LR.jpg\" alt=\"\"><\/td><td><strong>Conecte su Laptop en donde sea<\/strong><br>Olvide los problemas que muchas veces debe&nbsp; <br>enfrentar&nbsp; en&nbsp; terreno para enviar o recibir&nbsp; datos <br>que&nbsp; su&nbsp; empresa o cliente requieren de &nbsp;forma&nbsp; urgente.&nbsp;<br>Reciba&nbsp;&nbsp; y&nbsp; env\u00ede &nbsp; correos&nbsp; &nbsp;electr\u00f3nicos&nbsp; como&nbsp;si&nbsp;realmente estuviera&nbsp; sentado&nbsp; en&nbsp; su&nbsp;propia oficina<\/td><\/tr><\/tbody><\/table><\/figure>\n\n\n\n<figure class=\"wp-block-table\"><table><tbody><tr><td><img decoding=\"async\" style=\"width: 300px;\" src=\"https:\/\/gestionex.cl\/wp2\/wp-content\/uploads\/2022\/05\/Telefono-Satelital-Iridium-Extreme-PTT.jpg\" alt=\"\">\u00a0\u00a0<\/td><td><strong>Tel\u00e9fono Satelital Iridium 9575 Extreme<\/strong><br><br>Iridium 9575 Extreme\u00ae<br>es un tel\u00e9fono satelital port\u00e1til con cobertura global de<br>polo a polo, gracias sus 66 Sat\u00e9lites m\u00f3viles de \u00f3rbita baja. Puede utilizarse<br>para llamadas de voz y transmisi\u00f3n de datos (baja velocidad), con conexi\u00f3n de<br>datos mediante cable mini USB para conectar al PC o port\u00e1til. Es el primer<br>tel\u00e9fono satelital que incluye GPS junto con planes de rastreo y tambi\u00e9n un<br>bot\u00f3n de emergencia SOS, todo en un tel\u00e9fono compacto. Puede utilizarse en<br>caminatas, veh\u00edculos terrestres mar\u00edtimos y a\u00e9reos, tambi\u00e9n en edificios y<br>subterr\u00e1neos con sus respectivos accesorios.<br>El servicio del Tel\u00e9fono puede contratarse con un plan mensual, o bien con<br>tarjeta de prepago de 30 d\u00edas o m\u00e1s.<br>Se carga con 220V, y tambi\u00e9n con un panel solar<\/td><\/tr><\/tbody><\/table><\/figure>\n\n\n\n<p><\/p>\n","protected":false},"excerpt":{"rendered":"<p>TEL\u00c9FONOS SATELITALES Y TERMINALES BGAN. &nbsp;&nbsp; Equipo BGAN de voz y datos Explorer 500&nbsp;&nbsp;&nbsp;&nbsp;Dispositivo banda&nbsp; ancha, altamente&nbsp;port\u00e1til&nbsp;&nbsp; pesa&nbsp; 1.3kg. y &nbsp;mide 218 x 217 x 52mm,&nbsp;es ideal&nbsp; para&nbsp; ambos usos: &nbsp;m\u00f3vil o semi &#8211; fijo. Sobre&nbsp; una conexi\u00f3n&nbsp; IP, conectado sobre&nbsp; 464 kbps. en recepci\u00f3n y 448 kbps &nbsp;cuando env\u00eda. Streaming&nbsp; de datos disponible a&nbsp; <a href=\"https:\/\/gestionex.cl\/wp2\/comunicaciones\/\" rel=\"nofollow\"><span class=\"sr-only\">Read more about COMUNICACIONES<\/span>[&hellip;]<\/a><\/p>\n","protected":false},"author":1,"featured_media":215,"parent":0,"menu_order":0,"comment_status":"closed","ping_status":"closed","template":"","meta":{"footnotes":""},"class_list":["post-34","page","type-page","status-publish","has-post-thumbnail","hentry"],"_links":{"self":[{"href":"https:\/\/gestionex.cl\/wp2\/wp-json\/wp\/v2\/pages\/34","targetHints":{"allow":["GET"]}}],"collection":[{"href":"https:\/\/gestionex.cl\/wp2\/wp-json\/wp\/v2\/pages"}],"about":[{"href":"https:\/\/gestionex.cl\/wp2\/wp-json\/wp\/v2\/types\/page"}],"author":[{"embeddable":true,"href":"https:\/\/gestionex.cl\/wp2\/wp-json\/wp\/v2\/users\/1"}],"replies":[{"embeddable":true,"href":"https:\/\/gestionex.cl\/wp2\/wp-json\/wp\/v2\/comments?post=34"}],"version-history":[{"count":1,"href":"https:\/\/gestionex.cl\/wp2\/wp-json\/wp\/v2\/pages\/34\/revisions"}],"predecessor-version":[{"id":216,"href":"https:\/\/gestionex.cl\/wp2\/wp-json\/wp\/v2\/pages\/34\/revisions\/216"}],"wp:featuredmedia":[{"embeddable":true,"href":"https:\/\/gestionex.cl\/wp2\/wp-json\/wp\/v2\/media\/215"}],"wp:attachment":[{"href":"https:\/\/gestionex.cl\/wp2\/wp-json\/wp\/v2\/media?parent=34"}],"curies":[{"name":"wp","href":"https:\/\/api.w.org\/{rel}","templated":true}]}}