{"id":25,"date":"2022-01-20T05:10:46","date_gmt":"2022-01-20T05:10:46","guid":{"rendered":"https:\/\/gestionex.cl\/wp2\/?page_id=25"},"modified":"2022-01-21T04:35:17","modified_gmt":"2022-01-21T04:35:17","slug":"productos-grabber-u-s-a","status":"publish","type":"page","link":"https:\/\/gestionex.cl\/wp2\/productos-grabber-u-s-a\/","title":{"rendered":"GRABBER U.S.A."},"content":{"rendered":"\n<p>Grabber es una Divisi\u00f3n de\u00a0<strong>John Wagner Associates Inc. USA<\/strong>, una Corporaci\u00f3n Internacional comprometida a proveer productos de la m\u00e1s alta calidad, fabricados con exactitud absoluta en sus especificaciones. Grabber comercializa sus productos atrav\u00e9s de m\u00faltiples canales en el mundo entero, en los que se incluyen los canales de art\u00edculos deportivos, de alimentaci\u00f3n, medicamentos, seguridad industrial, navales, gubernamentales, militares, industrial especializado, miner\u00eda etc.<br>Son fuentes de calor no t\u00f3xicas, ecol\u00f3gicas e inodoras, que usan ingredientes naturales e incombustibles.<br>Proporcionan una temperatura promedio entre 38\u00baC y 59\u00baC, dependiendo de su tipo y conforme a las instrucciones se\u00f1aladas en su envase.<br>Se activan solamente rompiendo su sello, en un par de minutos alcanzan su temperatura solamente con el contacto del aire, se colocan dentro de zapatos, guantes o bolsillos, \u00fatiles para instalar en tel\u00e9fonos satelitales, celulares, equipos de radio, laptops etc. bajo condiciones de fr\u00edo extremo optimizando as\u00ed el tiempo de operaci\u00f3n de bater\u00edas. Evitan hipotermia.<br>Ingredientes: Hierro, agua, celulosa, carb\u00f3n activado y sal.<br>Ideales para F.F.A.A., Miner\u00eda, Salmoneras, Frigor\u00edficos, Deportes y Actividades Outdoor, especialmente para nieve.\u00a0<\/p>\n\n\n\n<p><\/p>\n\n\n\n<p><strong>Plantillas calentadoras de pies<\/strong><br>Plantillas ultra delgadas, dos por cada sobre, dos tama\u00f1os small&nbsp;\/ medium y medium \/ large. M\u00e1s de 5 horas de calor a 39\u00b0C.<\/p>\n\n\n\n<figure class=\"wp-block-image\"><img decoding=\"async\" src=\"http:\/\/gestionex.cl\/images\/p3\/1.jpg\" alt=\"\" title=\"\"\/><\/figure>\n\n\n\n<p><strong>Puntillas autoadhesivas calentadoras de pies<\/strong><\/p>\n\n\n\n<figure class=\"wp-block-image\"><img decoding=\"async\" src=\"http:\/\/gestionex.cl\/images\/p3\/2.jpg\" alt=\"\" title=\"\"\/><\/figure>\n\n\n\n<figure class=\"wp-block-image\"><img decoding=\"async\" src=\"http:\/\/gestionex.cl\/images\/p3\/3.jpg\" alt=\"\" title=\"\"\/><\/figure>\n\n\n\n<p><strong><br><\/strong><strong>Ultra Calentador bolsillo o guante de 24 hrs.<\/strong><\/p>\n\n\n\n<figure class=\"wp-block-image\"><img decoding=\"async\" src=\"http:\/\/gestionex.cl\/images\/p3\/4.jpg\" alt=\"\" title=\"\"\/><\/figure>\n\n\n\n<p><strong><br><\/strong><strong>NUEVAS&#8230;Medias y Guantes calentadoras, con pilas<br><\/strong><strong><\/strong><\/p>\n\n\n\n<figure class=\"wp-block-image\"><img decoding=\"async\" src=\"http:\/\/gestionex.cl\/images\/p3\/8.jpg\" alt=\"\" title=\"\"\/><\/figure>\n\n\n\n<figure class=\"wp-block-image\"><img decoding=\"async\" src=\"http:\/\/gestionex.cl\/images\/p3\/9.jpg\" alt=\"\" title=\"\"\/><\/figure>\n\n\n\n<figure class=\"wp-block-image\"><img decoding=\"async\" src=\"http:\/\/gestionex.cl\/images\/p3\/10.jpg\" alt=\"\" title=\"\"\/><\/figure>\n\n\n\n<figure class=\"wp-block-image\"><img decoding=\"async\" src=\"http:\/\/gestionex.cl\/images\/p3\/12.jpg\" alt=\"\" title=\"\"\/><\/figure>\n\n\n\n<figure class=\"wp-block-image\"><img decoding=\"async\" src=\"http:\/\/gestionex.cl\/images\/p3\/13.jpg\" alt=\"\" title=\"\"\/><\/figure>\n\n\n\n<p><strong><\/strong><strong><\/strong><\/p>\n","protected":false},"excerpt":{"rendered":"<p>Grabber es una Divisi\u00f3n de\u00a0John Wagner Associates Inc. USA, una Corporaci\u00f3n Internacional comprometida a proveer productos de la m\u00e1s alta calidad, fabricados con exactitud absoluta en sus especificaciones. Grabber comercializa sus productos atrav\u00e9s de m\u00faltiples canales en el mundo entero, en los que se incluyen los canales de art\u00edculos deportivos, de alimentaci\u00f3n, medicamentos, seguridad industrial, <a href=\"https:\/\/gestionex.cl\/wp2\/productos-grabber-u-s-a\/\" rel=\"nofollow\"><span class=\"sr-only\">Read more about GRABBER U.S.A.<\/span>[&hellip;]<\/a><\/p>\n","protected":false},"author":1,"featured_media":0,"parent":0,"menu_order":0,"comment_status":"closed","ping_status":"closed","template":"","meta":{"footnotes":""},"class_list":["post-25","page","type-page","status-publish","hentry"],"_links":{"self":[{"href":"https:\/\/gestionex.cl\/wp2\/wp-json\/wp\/v2\/pages\/25","targetHints":{"allow":["GET"]}}],"collection":[{"href":"https:\/\/gestionex.cl\/wp2\/wp-json\/wp\/v2\/pages"}],"about":[{"href":"https:\/\/gestionex.cl\/wp2\/wp-json\/wp\/v2\/types\/page"}],"author":[{"embeddable":true,"href":"https:\/\/gestionex.cl\/wp2\/wp-json\/wp\/v2\/users\/1"}],"replies":[{"embeddable":true,"href":"https:\/\/gestionex.cl\/wp2\/wp-json\/wp\/v2\/comments?post=25"}],"version-history":[{"count":0,"href":"https:\/\/gestionex.cl\/wp2\/wp-json\/wp\/v2\/pages\/25\/revisions"}],"wp:attachment":[{"href":"https:\/\/gestionex.cl\/wp2\/wp-json\/wp\/v2\/media?parent=25"}],"curies":[{"name":"wp","href":"https:\/\/api.w.org\/{rel}","templated":true}]}}